{"id":1503,"date":"2020-09-21T10:26:25","date_gmt":"2020-09-21T10:26:25","guid":{"rendered":"http:\/\/www.matfyzak.cz\/wp\/?post_type=product&#038;p=1503"},"modified":"2025-09-09T20:10:27","modified_gmt":"2025-09-09T20:10:27","slug":"damske-tricko-matematika","status":"publish","type":"product","link":"https:\/\/matfyzak.cz\/wp\/produkt\/damske-tricko-matematika\/","title":{"rendered":"D\u00e1msk\u00e9 tri\u010dko &#8211; matematika"},"content":{"rendered":"<p>D\u00e1msk\u00e9 tri\u010dko s potiskem vyobrazuj\u00edc\u00edm budovu matematick\u00e9 sekce MFF v Karl\u00edn\u011b. V potisku jsou veps\u00e1ny pojmy spojen\u00e9 se studiem matematiky na MFF.<\/p>\n","protected":false},"excerpt":{"rendered":"<p>D\u00e1msk\u00e9 tri\u010dko s potiskem vyobrazuj\u00edc\u00edm budovu matematick\u00e9 sekce MFF v Karl\u00edn\u011b. V potisku jsou veps\u00e1ny pojmy spojen\u00e9 se studiem matematiky na MFF.<\/p>\n","protected":false},"featured_media":1548,"template":"","meta":[],"product_cat":[16],"product_tag":[],"_links":{"self":[{"href":"https:\/\/matfyzak.cz\/wp\/wp-json\/wp\/v2\/product\/1503"}],"collection":[{"href":"https:\/\/matfyzak.cz\/wp\/wp-json\/wp\/v2\/product"}],"about":[{"href":"https:\/\/matfyzak.cz\/wp\/wp-json\/wp\/v2\/types\/product"}],"wp:featuredmedia":[{"embeddable":true,"href":"https:\/\/matfyzak.cz\/wp\/wp-json\/wp\/v2\/media\/1548"}],"wp:attachment":[{"href":"https:\/\/matfyzak.cz\/wp\/wp-json\/wp\/v2\/media?parent=1503"}],"wp:term":[{"taxonomy":"product_cat","embeddable":true,"href":"https:\/\/matfyzak.cz\/wp\/wp-json\/wp\/v2\/product_cat?post=1503"},{"taxonomy":"product_tag","embeddable":true,"href":"https:\/\/matfyzak.cz\/wp\/wp-json\/wp\/v2\/product_tag?post=1503"}],"curies":[{"name":"wp","href":"https:\/\/api.w.org\/{rel}","templated":true}]}}