{"id":5491,"date":"2024-11-22T13:03:31","date_gmt":"2024-11-22T13:03:31","guid":{"rendered":"https:\/\/matfyzak.cz\/wp\/?page_id=5491"},"modified":"2024-11-22T14:25:33","modified_gmt":"2024-11-22T14:25:33","slug":"matfyz-wiki","status":"publish","type":"page","link":"https:\/\/matfyzak.cz\/wp\/matfyz-wiki\/","title":{"rendered":"Matfyz Wiki"},"content":{"rendered":"\n<p>Matfyz Wiki (<a href=\"https:\/\/wiki.matfyz.cz\/\" data-type=\"link\" data-id=\"https:\/\/wiki.matfyz.cz\/\">https:\/\/wiki.matfyz.cz\/<\/a>) je open-source zdroj z\u00e1pisk\u016f, rad a obecn\u00fdch informac\u00ed ke studiu. P\u0159\u00edsp\u011bvky na n\u00ed p\u00ed\u0161ou studenti co se sna\u017e\u00ed pomoc mlad\u0161\u00edm student\u016fm p\u0159ed\u00e1n\u00edm t\u011bchto zdroj\u016f. <\/p>\n\n\n\n<p><strong>Jak ps\u00e1t p\u0159\u00edsp\u011bvky:<\/strong><br>Sta\u010d\u00ed se p\u0159ihl\u00e1sit pomoc\u00ed \u00fa\u010dtu CAS UK(stejn\u00e9 jako nap\u0159\u00edklad do SISu nebo Sovy) a n\u00e1sledn\u011b zm\u00e1\u010dknout modify. Ka\u017ed\u00fd p\u0159ihl\u00e1\u0161en\u00fd u\u017eivatel m\u016f\u017ee wiki editovat. Str\u00e1nky jsou psan\u00e9 v Markdownu, p\u0159esn\u011bji v roz\u0161\u00ed\u0159en\u00ed standardu CommonMark. Str\u00e1nky jsou psan\u00e9 prim\u00e1rn\u011b \u010desky a slovensky. Bli\u017e\u0161\u00ed pravidla jsou zde: <a href=\"https:\/\/wiki.matfyz.cz\/O%20wiki\" data-type=\"link\" data-id=\"https:\/\/wiki.matfyz.cz\/O%20wiki\">https:\/\/wiki.matfyz.cz\/O%20wiki<\/a><\/p>\n\n\n\n<p><strong>Wiki nahrazuje n\u011bkter\u00e9 p\u0159edchoz\u00ed slu\u017eby:<\/strong><br>P\u0159edt\u00edm na fakult\u011b existovali jin\u00e9 zdroje v\u011bdomost\u00ed, jako Studnice v\u011bdomost\u00ed, Matfyz\u00e1ck\u00e1 kucha\u0159ka online verze a F\u00f3rum Student\u016f MFF UK. Kv\u016fli n\u00e1ro\u010dnosti \u00fadr\u017eby mnoha web\u016f nar\u00e1z se tyto slu\u017eby centralizovaly do Matfyz Wiki. Tud\u00ed\u017e na Wiki jde naj\u00edt jak rady k za\u010d\u00e1tku studiu na Matfyzu, tak i rady ke zkou\u0161k\u00e1m z MFF F\u00f3ra. <\/p>\n\n\n\n<p>Pokud m\u00e1te jak\u00fdkoliv dotaz nebo chcete s \u010d\u00edmkoliv pomoct, napi\u0161te na email:\u00a0<a href=\"mailto:cerny@matfyz.cz\">cerny@matfyz.cz<\/a>.<\/p>\n\n\n\n<figure class=\"wp-block-image size-full is-resized\"><img decoding=\"async\" src=\"https:\/\/matfyzak.cz\/wp\/wp-content\/uploads\/2024\/11\/mw_logo.svg\" alt=\"\" class=\"wp-image-5498\" style=\"width:300px\"\/><\/figure>\n","protected":false},"excerpt":{"rendered":"<p>Matfyz Wiki (https:\/\/wiki.matfyz.cz\/) je open-source zdroj z\u00e1pisk\u016f, rad a obecn\u00fdch informac\u00ed ke studiu. P\u0159\u00edsp\u011bvky na n\u00ed p\u00ed\u0161ou studenti co se sna\u017e\u00ed pomoc mlad\u0161\u00edm student\u016fm p\u0159ed\u00e1n\u00edm t\u011bchto zdroj\u016f. Jak ps\u00e1t p\u0159\u00edsp\u011bvky:Sta\u010d\u00ed se p\u0159ihl\u00e1sit pomoc\u00ed \u00fa\u010dtu CAS UK(stejn\u00e9 jako nap\u0159\u00edklad do SISu<\/p>\n","protected":false},"author":20,"featured_media":0,"parent":0,"menu_order":0,"comment_status":"closed","ping_status":"closed","template":"","meta":{"footnotes":""},"_links":{"self":[{"href":"https:\/\/matfyzak.cz\/wp\/wp-json\/wp\/v2\/pages\/5491"}],"collection":[{"href":"https:\/\/matfyzak.cz\/wp\/wp-json\/wp\/v2\/pages"}],"about":[{"href":"https:\/\/matfyzak.cz\/wp\/wp-json\/wp\/v2\/types\/page"}],"author":[{"embeddable":true,"href":"https:\/\/matfyzak.cz\/wp\/wp-json\/wp\/v2\/users\/20"}],"replies":[{"embeddable":true,"href":"https:\/\/matfyzak.cz\/wp\/wp-json\/wp\/v2\/comments?post=5491"}],"version-history":[{"count":3,"href":"https:\/\/matfyzak.cz\/wp\/wp-json\/wp\/v2\/pages\/5491\/revisions"}],"predecessor-version":[{"id":5502,"href":"https:\/\/matfyzak.cz\/wp\/wp-json\/wp\/v2\/pages\/5491\/revisions\/5502"}],"wp:attachment":[{"href":"https:\/\/matfyzak.cz\/wp\/wp-json\/wp\/v2\/media?parent=5491"}],"curies":[{"name":"wp","href":"https:\/\/api.w.org\/{rel}","templated":true}]}}